{"id":3061,"date":"2025-10-21T08:53:02","date_gmt":"2025-10-21T06:53:02","guid":{"rendered":"https:\/\/www.laser-creations.eu\/?post_type=product&#038;p=3061"},"modified":"2026-01-03T22:16:26","modified_gmt":"2026-01-03T21:16:26","slug":"folklore-bird-necklace-handcrafted-stainless-steel-pendant","status":"publish","type":"product","link":"https:\/\/www.laser-creations.eu\/sk\/produkt\/folklore-bird-necklace-handcrafted-stainless-steel-pendant\/","title":{"rendered":"Folkl\u00f3rny n\u00e1hrdeln\u00edk Holubica"},"content":{"rendered":"<p data-start=\"309\" data-end=\"688\">Tento ru\u010dne vyroben\u00fd <strong data-start=\"402\" data-end=\"427\">folkl\u00f3rny pr\u00edvesok vt\u00e1ka<\/strong> symbolizuje <strong data-start=\"439\" data-end=\"469\">l\u00e1ska, sloboda a harm\u00f3nia<\/strong> - nad\u010dasov\u00e9 hodnoty odovzd\u00e1van\u00e9 z gener\u00e1cie na gener\u00e1ciu.<br data-start=\"515\" data-end=\"518\" \/>Ka\u017ed\u00fd kus je <strong data-start=\"532\" data-end=\"555\">hlbok\u00e9 laserov\u00e9 grav\u00edrovanie<\/strong> do prvotriednej nehrdzavej\u00facej ocele a <strong data-start=\"589\" data-end=\"616\">ru\u010dne plnen\u00e9 smaltom<\/strong>, \u010do vytv\u00e1ra \u00fa\u017easn\u00fd kontrast medzi le\u0161ten\u00fdm kovom a \u017eiarivou farbou.<\/p>\n<hr data-start=\"690\" data-end=\"693\" \/>\n<h3 data-start=\"695\" data-end=\"720\">\u2728 <strong data-start=\"701\" data-end=\"720\">Podrobnosti o produkte<\/strong><\/h3>\n<ul data-start=\"721\" data-end=\"1105\">\n<li data-start=\"721\" data-end=\"802\">\n<p data-start=\"723\" data-end=\"802\"><strong data-start=\"723\" data-end=\"736\">Materi\u00e1l:<\/strong> Pr\u00e9miov\u00e1 chirurgick\u00e1 nehrdzavej\u00faca oce\u013e (hypoalerg\u00e9nna a nelakovan\u00e1)<\/p>\n<\/li>\n<li data-start=\"803\" data-end=\"839\">\n<p data-start=\"805\" data-end=\"839\"><strong data-start=\"805\" data-end=\"822\">Ve\u013ekos\u0165 pr\u00edvesku:<\/strong> Priemer 25 mm<\/p>\n<\/li>\n<li data-start=\"840\" data-end=\"863\">\n<p data-start=\"842\" data-end=\"863\"><strong data-start=\"842\" data-end=\"856\">Hr\u00fabka:<\/strong> 3 mm<\/p>\n<\/li>\n<li data-start=\"864\" data-end=\"923\">\n<p data-start=\"866\" data-end=\"923\"><strong data-start=\"866\" data-end=\"887\">Dostupn\u00e9 farby:<\/strong><br data-start=\"887\" data-end=\"890\" \/>\ud83d\udd35 Modr\u00e1 \ud83d\udd34 \u010cerven\u00e1 \ud83d\udfe2 Tyrkysov\u00e1<\/p>\n<\/li>\n<li data-start=\"924\" data-end=\"989\">\n<p data-start=\"926\" data-end=\"989\"><strong data-start=\"926\" data-end=\"938\">Povrch:<\/strong> Le\u0161ten\u00fd zrkadlov\u00fd povrch s hlbok\u00fdm laserov\u00fdm grav\u00edrovan\u00edm<\/p>\n<\/li>\n<li data-start=\"990\" data-end=\"1040\">\n<p data-start=\"992\" data-end=\"1040\"><strong data-start=\"992\" data-end=\"1005\">N\u00e1hrdeln\u00edk:<\/strong> Nastavite\u013en\u00e1 \u010dierna \u0161n\u00fara (40-55 cm)<\/p>\n<\/li>\n<li data-start=\"1041\" data-end=\"1105\">\n<p data-start=\"1043\" data-end=\"1105\"><strong data-start=\"1043\" data-end=\"1057\">Balenie:<\/strong> Luxusn\u00e1 dar\u010dekov\u00e1 krabi\u010dka s certifik\u00e1tom pravosti<\/p>\n<\/li>\n<\/ul>\n<hr data-start=\"1107\" data-end=\"1110\" \/>\n<h3 data-start=\"1112\" data-end=\"1130\">\ud83d\udc9d <strong data-start=\"1119\" data-end=\"1130\">V\u00fdznam<\/strong><\/h3>\n<p data-start=\"1131\" data-end=\"1292\">Folkl\u00f3rny vt\u00e1k je tradi\u010dn\u00fdm slovensk\u00fdm symbolom <strong data-start=\"1183\" data-end=\"1223\">l\u00e1ska, \u0161\u0165astie a pokojn\u00fd duch<\/strong> - dokonal\u00e1 pripomienka toho, aby ste zostali vern\u00ed svojim kore\u0148om a z\u00e1rove\u0148 boli slobodn\u00ed.<\/p>\n<hr data-start=\"1294\" data-end=\"1297\" \/>\n<h3 data-start=\"1299\" data-end=\"1326\">\ud83c\udf81 <strong data-start=\"1306\" data-end=\"1326\">Ide\u00e1lny dar\u010dek pre<\/strong><\/h3>\n<p data-start=\"1327\" data-end=\"1402\">Matky - man\u017eelky - priatelia - milovn\u00edci \u013eudov\u00e9ho umenia - zberatelia ru\u010dne vyr\u00e1ban\u00fdch \u0161perkov<\/p>\n<hr data-start=\"1404\" data-end=\"1407\" \/>\n<h3 data-start=\"1409\" data-end=\"1465\">\ud83c\uddf8\ud83c\uddf0 <strong data-start=\"1418\" data-end=\"1465\">Vyroben\u00e9 na Slovensku s prec\u00edznos\u0165ou a v\u00e1\u0161\u0148ou<\/strong><\/h3>\n<p data-start=\"1466\" data-end=\"1606\">Ka\u017ed\u00fd pr\u00edvesok je navrhnut\u00fd a ru\u010dne vyroben\u00fd <strong data-start=\"1511\" data-end=\"1530\">Laserov\u00e9 v\u00fdtvory<\/strong>, v ktorom sa sp\u00e1ja modern\u00e1 technol\u00f3gia laserov\u00e9ho grav\u00edrovania s autentick\u00fdm miestnym umeleck\u00fdm remeslom.<\/p>","protected":false},"excerpt":{"rendered":"<p>Elegant handcrafted folklore bird necklace made of stainless steel, laser-engraved and enamel-filled. Symbol of love, freedom &amp; Slovak heritage.<\/p>","protected":false},"featured_media":3087,"comment_status":"open","ping_status":"closed","template":"","meta":{"jetpack_publicize_message":"","jetpack_publicize_feature_enabled":true,"jetpack_social_post_already_shared":true,"jetpack_social_options":{"image_generator_settings":{"template":"highway","default_image_id":0,"font":"","enabled":false},"version":2}},"product_brand":[],"product_cat":[49,381],"product_tag":[385,392,237,394,384,387,393,391,220,388,390,386,82,176,389],"class_list":{"0":"post-3061","1":"product","2":"type-product","3":"status-publish","4":"has-post-thumbnail","6":"product_cat-engraved-necklaces","7":"product_cat-symbolic_amulets_and_talismans","8":"product_tag-bird-pendant","9":"product_tag-cultural-jewelry","10":"product_tag-enamel-necklace","11":"product_tag-folk-design-necklace","12":"product_tag-folklore-necklace","13":"product_tag-handmade-stainless-steel","14":"product_tag-heart-bird-pendant","15":"product_tag-heritage-jewelry","16":"product_tag-laser-engraved-pendant","17":"product_tag-slovak-folk-art","18":"product_tag-slovak-gift","19":"product_tag-slovak-jewelry","20":"product_tag-slovakia-souvenir","21":"product_tag-stainless-steel-necklace","22":"product_tag-traditional-pendant","24":"first","25":"onbackorder","26":"featured","27":"sold-individually","28":"taxable","29":"shipping-taxable","30":"purchasable","31":"product-type-variable","32":"has-default-attributes"},"aioseo_notices":[],"jetpack_publicize_connections":[],"jetpack_sharing_enabled":true,"jetpack_likes_enabled":true,"_links":{"self":[{"href":"https:\/\/www.laser-creations.eu\/sk\/wp-json\/wp\/v2\/product\/3061","targetHints":{"allow":["GET"]}}],"collection":[{"href":"https:\/\/www.laser-creations.eu\/sk\/wp-json\/wp\/v2\/product"}],"about":[{"href":"https:\/\/www.laser-creations.eu\/sk\/wp-json\/wp\/v2\/types\/product"}],"replies":[{"embeddable":true,"href":"https:\/\/www.laser-creations.eu\/sk\/wp-json\/wp\/v2\/comments?post=3061"}],"wp:featuredmedia":[{"embeddable":true,"href":"https:\/\/www.laser-creations.eu\/sk\/wp-json\/wp\/v2\/media\/3087"}],"wp:attachment":[{"href":"https:\/\/www.laser-creations.eu\/sk\/wp-json\/wp\/v2\/media?parent=3061"}],"wp:term":[{"taxonomy":"product_brand","embeddable":true,"href":"https:\/\/www.laser-creations.eu\/sk\/wp-json\/wp\/v2\/product_brand?post=3061"},{"taxonomy":"product_cat","embeddable":true,"href":"https:\/\/www.laser-creations.eu\/sk\/wp-json\/wp\/v2\/product_cat?post=3061"},{"taxonomy":"product_tag","embeddable":true,"href":"https:\/\/www.laser-creations.eu\/sk\/wp-json\/wp\/v2\/product_tag?post=3061"}],"curies":[{"name":"wp","href":"https:\/\/api.w.org\/{rel}","templated":true}]}}