{"id":2910,"date":"2025-10-06T12:19:17","date_gmt":"2025-10-06T10:19:17","guid":{"rendered":"https:\/\/www.laser-creations.eu\/?post_type=product&#038;p=2910"},"modified":"2026-01-03T21:45:47","modified_gmt":"2026-01-03T20:45:47","slug":"pisces-necklace-turquoise-edition","status":"publish","type":"product","link":"https:\/\/www.laser-creations.eu\/sk\/produkt\/pisces-necklace-turquoise-edition\/","title":{"rendered":"Rybky \u2653 n\u00e1hrdeln\u00edk - Tyrkysov\u00e9 ed\u00edcie"},"content":{"rendered":"<p>Dve ryby pl\u00e1vaj\u00face opa\u010dn\u00fdmi smermi - jedna siaha po hviezdach, druh\u00e1 sa pot\u00e1pa hlboko do em\u00f3ci\u00ed. Tento nad\u010dasov\u00fd pr\u00edvesok vystihuje dvojak\u00fa povahu r\u00fdb: citliv\u00e9, mystick\u00e9 a nekone\u010dne n\u00e1padit\u00e9.<br \/>\nRu\u010dne vyroben\u00fd dizajn s hlbok\u00fdm laserov\u00fdm grav\u00edrovan\u00edm na prvotriednej nehrdzavej\u00facej oceli odr\u00e1\u017ea oce\u00e1n pocitov, ktor\u00e9 v sebe nosia Ryby. Ka\u017ed\u00fd detail je vyle\u0161ten\u00fd do lesku, zatia\u013e \u010do \u010dierne pozadie symbolizuje tajomstvo ich vn\u00fatorn\u00e9ho sveta.<br \/>\nPreto\u017ee Ryby nie s\u00fa len sn\u00edlkovia - s\u00fa aj kr\u00e1sne \"chaotick\u00e9\". V\u017edy sa str\u00e1caj\u00fa v kreativite a fant\u00e1zii, ob\u010das nechaj\u00fa poh\u00e1r v um\u00fdvadle alebo mal\u00fd chaos vo svojej izbe. Ale pr\u00e1ve v tom je ich \u010daro: zranite\u013en\u00e9 a z\u00e1rove\u0148 \u010darovn\u00e9, nedokonal\u00e9 a z\u00e1rove\u0148 \u010dist\u00e9.<br \/>\nTento pr\u00edvesok je viac ne\u017e len \u0161perk - je symbolom du\u0161e, citlivosti a kr\u00e1sy nedokonalosti.<br \/>\nPodrobnosti:<br \/>\nMateri\u00e1l: Chirurgick\u00e1 nehrdzavej\u00faca oce\u013e<br \/>\nPriemer: 25 mm<br \/>\nHr\u00fabka: 3 mm<br \/>\nHlbok\u00e9 laserov\u00e9 grav\u00edrovanie a le\u0161ten\u00fd povrch<br \/>\nDod\u00e1va sa s re\u0165azou 45-55 cm<br \/>\nLuxusn\u00e1 dar\u010dekov\u00e1 krabi\u010dka + certifik\u00e1t pravosti<\/p>","protected":false},"excerpt":{"rendered":"<p>Ryby \u2653 Pr\u00edvesok - Citliv\u00e9, mystick\u00e9, trochu chaotick\u00e9, ale s nekone\u010dne \u010dist\u00fdm srdcom.<br \/>\nRu\u010dne vyroben\u00e1 nehrdzavej\u00faca oce\u013e, hlboko laserom vyryt\u00fd dvojit\u00fd duch R\u00fdb. Dod\u00e1va sa s retiazkou, luxusnou krabi\u010dkou a certifik\u00e1tom.<\/p>","protected":false},"featured_media":2912,"comment_status":"open","ping_status":"closed","template":"","meta":{"jetpack_publicize_message":"","jetpack_publicize_feature_enabled":true,"jetpack_social_post_already_shared":true,"jetpack_social_options":{"image_generator_settings":{"template":"highway","default_image_id":0,"font":"","enabled":false},"version":2}},"product_brand":[41],"product_cat":[49,379],"product_tag":[298,158,324,302,296,275,220,101,299,301,322,321,323,147,306,63,304,320,156,303,297],"class_list":{"0":"post-2910","1":"product","2":"type-product","3":"status-publish","4":"has-post-thumbnail","6":"product_brand-laser-creations","7":"product_cat-engraved-necklaces","8":"product_cat-zodiac-sign-necklaces","9":"product_tag-astrologicky-privesok","10":"product_tag-astrology-necklace","11":"product_tag-darcek-pre-ryby","12":"product_tag-handmade-jewelry","13":"product_tag-horoscope-pendant","14":"product_tag-laser-creations","15":"product_tag-laser-engraved-pendant","16":"product_tag-luxury-gift","17":"product_tag-nahrdelnik-znamenie","18":"product_tag-nerezovy-privesok","19":"product_tag-pisces-necklace","20":"product_tag-pisces-pendant","21":"product_tag-privesok-ryby","22":"product_tag-ryby","23":"product_tag-sperk-z-chirurgickej-ocele","24":"product_tag-stainless-steel-jewelry","25":"product_tag-talizman","26":"product_tag-znamenie-ryby","27":"product_tag-zodiac-jewelry","28":"product_tag-zodiac-sign-necklace","29":"product_tag-zverokruh","31":"first","32":"onbackorder","33":"featured","34":"sold-individually","35":"taxable","36":"shipping-taxable","37":"purchasable","38":"product-type-variable","39":"has-default-attributes"},"aioseo_notices":[],"jetpack_publicize_connections":[],"jetpack_sharing_enabled":true,"jetpack_likes_enabled":true,"_links":{"self":[{"href":"https:\/\/www.laser-creations.eu\/sk\/wp-json\/wp\/v2\/product\/2910","targetHints":{"allow":["GET"]}}],"collection":[{"href":"https:\/\/www.laser-creations.eu\/sk\/wp-json\/wp\/v2\/product"}],"about":[{"href":"https:\/\/www.laser-creations.eu\/sk\/wp-json\/wp\/v2\/types\/product"}],"replies":[{"embeddable":true,"href":"https:\/\/www.laser-creations.eu\/sk\/wp-json\/wp\/v2\/comments?post=2910"}],"wp:featuredmedia":[{"embeddable":true,"href":"https:\/\/www.laser-creations.eu\/sk\/wp-json\/wp\/v2\/media\/2912"}],"wp:attachment":[{"href":"https:\/\/www.laser-creations.eu\/sk\/wp-json\/wp\/v2\/media?parent=2910"}],"wp:term":[{"taxonomy":"product_brand","embeddable":true,"href":"https:\/\/www.laser-creations.eu\/sk\/wp-json\/wp\/v2\/product_brand?post=2910"},{"taxonomy":"product_cat","embeddable":true,"href":"https:\/\/www.laser-creations.eu\/sk\/wp-json\/wp\/v2\/product_cat?post=2910"},{"taxonomy":"product_tag","embeddable":true,"href":"https:\/\/www.laser-creations.eu\/sk\/wp-json\/wp\/v2\/product_tag?post=2910"}],"curies":[{"name":"wp","href":"https:\/\/api.w.org\/{rel}","templated":true}]}}