{"id":2829,"date":"2025-10-02T20:37:24","date_gmt":"2025-10-02T18:37:24","guid":{"rendered":"https:\/\/www.laser-creations.eu\/?post_type=product&#038;p=2829"},"modified":"2026-01-03T22:14:05","modified_gmt":"2026-01-03T21:14:05","slug":"libra-zodiac-necklace-turquoise","status":"publish","type":"product","link":"https:\/\/www.laser-creations.eu\/sk\/produkt\/libra-zodiac-necklace-turquoise\/","title":{"rendered":"N\u00e1hrdeln\u00edk so znamen\u00edm zverokruhu V\u00e1hy - turqouise"},"content":{"rendered":"<p>Objavte \u010daro znamenia zverokruhu V\u00e1hy zachyten\u00e9 v ru\u010dne vyrobenom pr\u00edvesku z nehrdzavej\u00facej ocele. V\u00e1hy symbolizuj\u00fa rovnov\u00e1hu, kr\u00e1su a harm\u00f3niu - ide\u00e1lny dar\u010dek pre \u013eud\u00ed naroden\u00fdch medzi 23. septembrom a 22. okt\u00f3brom. Ka\u017ed\u00fd pr\u00edvesok je hlboko vyryt\u00fd laserom pre trval\u00fd detail, ru\u010dne vyle\u0161ten\u00fd a prezentovan\u00fd v luxusnom balen\u00ed s holografick\u00fdm certifik\u00e1tom pravosti.<\/p>\n<p>Podrobnosti:<\/p>\n<p>Materi\u00e1l: Chirurgick\u00e1 nehrdzavej\u00faca oce\u013e<\/p>\n<p>Ve\u013ekos\u0165 pr\u00edvesku: priemer 25 mm, hr\u00fabka 3 mm<\/p>\n<p>D\u013a\u017eka re\u0165aze: 45-55 cm<\/p>\n<p>Technika: Hlbok\u00e9 laserov\u00e9 grav\u00edrovanie s le\u0161ten\u00fdmi vyv\u00fd\u0161en\u00fdmi detailmi, vyplnen\u00e9 tyrkysov\u00fdm smaltom<\/p>\n<p>Limitovan\u00e1 ed\u00edcia: Individu\u00e1lne \u010d\u00edslovan\u00e9, vyrob\u00ed sa len 100 kusov<\/p>\n<p>Balenie: Luxusn\u00e1 dar\u010dekov\u00e1 krabi\u010dka + certifik\u00e1t pravosti<\/p>\n<p>V\u00fdznam:<\/p>\n<p>V\u00e1hy s\u00fa znamen\u00edm rovnov\u00e1hy, diplomacie a \u0161armu. Tento pr\u00edvesok je ka\u017edodennou pripomienkou, aby ste sa usilovali o harm\u00f3niu a v\u0161ade so sebou nosili kr\u00e1su svojho zverokruhu.<\/p>","protected":false},"excerpt":{"rendered":"<p>Elegant Libra \u264e\ufe0f zodiac pendant made of stainless steel. Symbol of balance, beauty, and harmony \u2013 limited edition with certificate in luxury packaging.<\/p>","protected":false},"featured_media":2834,"comment_status":"open","ping_status":"closed","template":"","meta":{"jetpack_publicize_message":"","jetpack_publicize_feature_enabled":true,"jetpack_social_post_already_shared":true,"jetpack_social_options":{"image_generator_settings":{"template":"highway","default_image_id":0,"font":"","enabled":false},"version":2}},"product_brand":[41],"product_cat":[49,379],"product_tag":[298,158,310,302,296,275,220,165,164,101,299,301,309,306,63,304,307,308,156,303,297],"class_list":{"0":"post-2829","1":"product","2":"type-product","3":"status-publish","4":"has-post-thumbnail","6":"product_brand-laser-creations","7":"product_cat-engraved-necklaces","8":"product_cat-zodiac-sign-necklaces","9":"product_tag-astrologicky-privesok","10":"product_tag-astrology-necklace","11":"product_tag-darcek-pre-vahy","12":"product_tag-handmade-jewelry","13":"product_tag-horoscope-pendant","14":"product_tag-laser-creations","15":"product_tag-laser-engraved-pendant","16":"product_tag-libra-necklace","17":"product_tag-libra-pendant","18":"product_tag-luxury-gift","19":"product_tag-nahrdelnik-znamenie","20":"product_tag-nerezovy-privesok","21":"product_tag-privesok-vahy","22":"product_tag-sperk-z-chirurgickej-ocele","23":"product_tag-stainless-steel-jewelry","24":"product_tag-talizman","25":"product_tag-vahy","26":"product_tag-znamenie-vahy","27":"product_tag-zodiac-jewelry","28":"product_tag-zodiac-sign-necklace","29":"product_tag-zverokruh","31":"first","32":"onbackorder","33":"featured","34":"taxable","35":"shipping-taxable","36":"purchasable","37":"product-type-variable"},"aioseo_notices":[],"jetpack_publicize_connections":[],"jetpack_sharing_enabled":true,"jetpack_likes_enabled":true,"_links":{"self":[{"href":"https:\/\/www.laser-creations.eu\/sk\/wp-json\/wp\/v2\/product\/2829","targetHints":{"allow":["GET"]}}],"collection":[{"href":"https:\/\/www.laser-creations.eu\/sk\/wp-json\/wp\/v2\/product"}],"about":[{"href":"https:\/\/www.laser-creations.eu\/sk\/wp-json\/wp\/v2\/types\/product"}],"replies":[{"embeddable":true,"href":"https:\/\/www.laser-creations.eu\/sk\/wp-json\/wp\/v2\/comments?post=2829"}],"wp:featuredmedia":[{"embeddable":true,"href":"https:\/\/www.laser-creations.eu\/sk\/wp-json\/wp\/v2\/media\/2834"}],"wp:attachment":[{"href":"https:\/\/www.laser-creations.eu\/sk\/wp-json\/wp\/v2\/media?parent=2829"}],"wp:term":[{"taxonomy":"product_brand","embeddable":true,"href":"https:\/\/www.laser-creations.eu\/sk\/wp-json\/wp\/v2\/product_brand?post=2829"},{"taxonomy":"product_cat","embeddable":true,"href":"https:\/\/www.laser-creations.eu\/sk\/wp-json\/wp\/v2\/product_cat?post=2829"},{"taxonomy":"product_tag","embeddable":true,"href":"https:\/\/www.laser-creations.eu\/sk\/wp-json\/wp\/v2\/product_tag?post=2829"}],"curies":[{"name":"wp","href":"https:\/\/api.w.org\/{rel}","templated":true}]}}