{"id":2820,"date":"2025-10-02T20:32:58","date_gmt":"2025-10-02T18:32:58","guid":{"rendered":"https:\/\/www.laser-creations.eu\/?post_type=product&#038;p=2820"},"modified":"2026-01-03T22:08:44","modified_gmt":"2026-01-03T21:08:44","slug":"virgo-zodiac-necklace-black","status":"publish","type":"product","link":"https:\/\/www.laser-creations.eu\/sk\/produkt\/virgo-zodiac-necklace-black\/","title":{"rendered":"N\u00e1hrdeln\u00edk so znamen\u00edm zverokruhu Panna - \u010dierny"},"content":{"rendered":"<p>Tento elegantn\u00fd pr\u00edvesok predstavuje znamenie zverokruhu Panna (\u264d) - p\u00f4vabn\u00fa \u017eenu sediacu na polmesiaci, obklopen\u00fa hviezdami a dr\u017eiacu snop p\u0161enice, ktor\u00e1 symbolizuje \u010distotu, m\u00fadros\u0165 a harm\u00f3niu.<br \/>\nKa\u017ed\u00fd kus je hlboko laserom vygrav\u00edrovan\u00fd na prvotriednej nehrdzavej\u00facej oceli a starostlivo vyplnen\u00fd smaltom, \u010do vytv\u00e1ra v\u00fdrazn\u00fd kontrast medzi le\u0161ten\u00fdm kovom a bohat\u00fdmi detailmi.<\/p>\n<p>\u2728 Podrobnosti o v\u00fdrobku:<br \/>\nMateri\u00e1l: Chirurgick\u00e1 nehrdzavej\u00faca oce\u013e<br \/>\nTechnika: Hlbok\u00e9 laserov\u00e9 grav\u00edrovanie + smaltov\u00e1 v\u00fdpl\u0148<br \/>\nPriemer: 25 mm<br \/>\nHr\u00fabka: 3 mm<br \/>\nRe\u0165az: 45-55 cm<br \/>\nDokon\u010denie: Le\u0161ten\u00fd vyv\u00fd\u0161en\u00fd povrch, modr\u00e9 pozadie<br \/>\nBalenie: Luxusn\u00e1 dar\u010dekov\u00e1 krabi\u010dka + certifik\u00e1t pravosti<\/p>\n<p>\ud83c\udf19 Pre\u010do si vybra\u0165 tento pr\u00edvesok?<br \/>\nJedine\u010dn\u00fd dizajn v limitovanej ed\u00edcii<br \/>\nRu\u010dn\u00e1 v\u00fdroba s prec\u00edznos\u0165ou a starostlivos\u0165ou<br \/>\nIde\u00e1lny dar\u010dek pre milovn\u00edkov astrol\u00f3gie a \u0161perkov<br \/>\nOdoln\u00fd, hypoalerg\u00e9nny materi\u00e1l<\/p>","protected":false},"excerpt":{"rendered":"<p>\u2728 Pr\u00edvesok so znamen\u00edm Panny (\u264d) \u2728<br \/>\nRu\u010dne vyr\u00e1ban\u00e9 luxusn\u00e9 \u0161perky - hlboko grav\u00edrovan\u00e9 laserom na nehrdzavej\u00facej oceli, plnen\u00e9 smaltom a le\u0161ten\u00e9 do dokonalosti.<br \/>\nJedine\u010dn\u00fd dizajn v limitovanej ed\u00edcii s luxusnou dar\u010dekovou krabi\u010dkou + certifik\u00e1t.<br \/>\nV\u00fdznamn\u00fd dar\u010dek pre milovn\u00edkov astrol\u00f3gie \ud83c\udf19\u2b50<\/p>","protected":false},"featured_media":2822,"comment_status":"open","ping_status":"closed","template":"","meta":{"jetpack_publicize_message":"","jetpack_publicize_feature_enabled":true,"jetpack_social_post_already_shared":true,"jetpack_social_options":{"image_generator_settings":{"template":"highway","default_image_id":0,"font":"","enabled":false},"version":2}},"product_brand":[41],"product_cat":[49,379],"product_tag":[298,158,319,302,296,275,220,101,299,301,119,318,306,63,304,317,216,316,156,303,297],"class_list":{"0":"post-2820","1":"product","2":"type-product","3":"status-publish","4":"has-post-thumbnail","6":"product_brand-laser-creations","7":"product_cat-engraved-necklaces","8":"product_cat-zodiac-sign-necklaces","9":"product_tag-astrologicky-privesok","10":"product_tag-astrology-necklace","11":"product_tag-darcek-pre-pannu","12":"product_tag-handmade-jewelry","13":"product_tag-horoscope-pendant","14":"product_tag-laser-creations","15":"product_tag-laser-engraved-pendant","16":"product_tag-luxury-gift","17":"product_tag-nahrdelnik-znamenie","18":"product_tag-nerezovy-privesok","19":"product_tag-panna","20":"product_tag-privesok-panna","21":"product_tag-sperk-z-chirurgickej-ocele","22":"product_tag-stainless-steel-jewelry","23":"product_tag-talizman","24":"product_tag-virgo-necklace","25":"product_tag-virgo-pendant","26":"product_tag-znamenie-panna","27":"product_tag-zodiac-jewelry","28":"product_tag-zodiac-sign-necklace","29":"product_tag-zverokruh","31":"first","32":"onbackorder","33":"featured","34":"sold-individually","35":"taxable","36":"shipping-taxable","37":"purchasable","38":"product-type-variable"},"aioseo_notices":[],"jetpack_publicize_connections":[],"jetpack_sharing_enabled":true,"jetpack_likes_enabled":true,"_links":{"self":[{"href":"https:\/\/www.laser-creations.eu\/sk\/wp-json\/wp\/v2\/product\/2820","targetHints":{"allow":["GET"]}}],"collection":[{"href":"https:\/\/www.laser-creations.eu\/sk\/wp-json\/wp\/v2\/product"}],"about":[{"href":"https:\/\/www.laser-creations.eu\/sk\/wp-json\/wp\/v2\/types\/product"}],"replies":[{"embeddable":true,"href":"https:\/\/www.laser-creations.eu\/sk\/wp-json\/wp\/v2\/comments?post=2820"}],"wp:featuredmedia":[{"embeddable":true,"href":"https:\/\/www.laser-creations.eu\/sk\/wp-json\/wp\/v2\/media\/2822"}],"wp:attachment":[{"href":"https:\/\/www.laser-creations.eu\/sk\/wp-json\/wp\/v2\/media?parent=2820"}],"wp:term":[{"taxonomy":"product_brand","embeddable":true,"href":"https:\/\/www.laser-creations.eu\/sk\/wp-json\/wp\/v2\/product_brand?post=2820"},{"taxonomy":"product_cat","embeddable":true,"href":"https:\/\/www.laser-creations.eu\/sk\/wp-json\/wp\/v2\/product_cat?post=2820"},{"taxonomy":"product_tag","embeddable":true,"href":"https:\/\/www.laser-creations.eu\/sk\/wp-json\/wp\/v2\/product_tag?post=2820"}],"curies":[{"name":"wp","href":"https:\/\/api.w.org\/{rel}","templated":true}]}}