{"id":2788,"date":"2025-10-02T20:18:46","date_gmt":"2025-10-02T18:18:46","guid":{"rendered":"https:\/\/www.laser-creations.eu\/?post_type=product&#038;p=2788"},"modified":"2026-01-03T22:02:11","modified_gmt":"2026-01-03T21:02:11","slug":"taurus-zodiac-necklace-turquoise","status":"publish","type":"product","link":"https:\/\/www.laser-creations.eu\/sk\/produkt\/taurus-zodiac-necklace-turquoise\/","title":{"rendered":"N\u00e1hrdeln\u00edk so znamen\u00edm B\u00fdka - tyrkysov\u00fd"},"content":{"rendered":"<p>Sila, vernos\u0165 a vn\u00fatorn\u00fd pokoj zachyten\u00e9 v nad\u010dasovej oceli.<\/p>\n<p>Pr\u00edvesok B\u00fdka je viac ne\u017e len \u0161perk - je to symbol stability a oddanosti.<\/p>\n<p>Ru\u010dne vyroben\u00fd z prvotriednej nehrdzavej\u00facej ocele, prec\u00edzne vyryt\u00fd a dokonale vyle\u0161ten\u00fd, tento \u0161perk odr\u00e1\u017ea prav\u00fa podstatu B\u00fdka: siln\u00fd ako skala, ale v srdci jemn\u00fd a miluj\u00faci.<\/p>\n<p>Materi\u00e1l: Chirurgick\u00e1 nehrdzavej\u00faca oce\u013e<\/p>\n<p>Ve\u013ekos\u0165: priemer 25 mm, hr\u00fabka 3 mm<\/p>\n<p>Re\u0165az: 45-55 cm re\u0165az z nehrdzavej\u00facej ocele<\/p>\n<p>Dokon\u010denie: Hlbok\u00e9 laserov\u00e9 grav\u00edrovanie, le\u0161ten\u00fd povrch, tyrkysov\u00fd smalt<\/p>\n<p>Balenie: Luxusn\u00e1 dar\u010dekov\u00e1 krabi\u010dka + o\u010d\u00edslovan\u00fd certifik\u00e1t pravosti<\/p>\n<p>Neste so sebou ducha B\u00fdka - znamenia odolnosti, kr\u00e1sy a harm\u00f3nie. Ide\u00e1lny ako zmyslupln\u00fd dar\u010dek alebo osobn\u00fd talizman.<\/p>","protected":false},"excerpt":{"rendered":"<p>Elegantn\u00fd pr\u00edvesok zverokruhu B\u00fdk z nehrdzavej\u00facej ocele - symbol sily, vernosti a harm\u00f3nie, vytvoren\u00fd hlbok\u00fdm laserov\u00fdm grav\u00edrovan\u00edm a vyle\u0161ten\u00fd do dokonalosti.<\/p>","protected":false},"featured_media":2790,"comment_status":"open","ping_status":"closed","template":"","meta":{"jetpack_publicize_message":"","jetpack_publicize_feature_enabled":true,"jetpack_social_post_already_shared":true,"jetpack_social_options":{"image_generator_settings":{"template":"highway","default_image_id":0,"font":"","enabled":false},"version":2}},"product_brand":[41],"product_cat":[49,379],"product_tag":[298,158,293,305,302,296,220,101,299,301,300,306,63,304,173,172,295,222,156,303,297],"class_list":{"0":"post-2788","1":"product","2":"type-product","3":"status-publish","4":"has-post-thumbnail","6":"product_brand-laser-creations","7":"product_cat-engraved-necklaces","8":"product_cat-zodiac-sign-necklaces","9":"product_tag-astrologicky-privesok","10":"product_tag-astrology-necklace","11":"product_tag-byk","12":"product_tag-darcek-pre-byka","13":"product_tag-handmade-jewelry","14":"product_tag-horoscope-pendant","15":"product_tag-laser-engraved-pendant","16":"product_tag-luxury-gift","17":"product_tag-nahrdelnik-znamenie","18":"product_tag-nerezovy-privesok","19":"product_tag-privesok-byk","20":"product_tag-sperk-z-chirurgickej-ocele","21":"product_tag-stainless-steel-jewelry","22":"product_tag-talizman","23":"product_tag-taurus-necklace","24":"product_tag-taurus-pendant","25":"product_tag-znamenie-byk","26":"product_tag-zodiac-birthday-gift","27":"product_tag-zodiac-jewelry","28":"product_tag-zodiac-sign-necklace","29":"product_tag-zverokruh","31":"first","32":"onbackorder","33":"featured","34":"taxable","35":"shipping-taxable","36":"purchasable","37":"product-type-variable"},"aioseo_notices":[],"jetpack_publicize_connections":[],"jetpack_sharing_enabled":true,"jetpack_likes_enabled":true,"_links":{"self":[{"href":"https:\/\/www.laser-creations.eu\/sk\/wp-json\/wp\/v2\/product\/2788","targetHints":{"allow":["GET"]}}],"collection":[{"href":"https:\/\/www.laser-creations.eu\/sk\/wp-json\/wp\/v2\/product"}],"about":[{"href":"https:\/\/www.laser-creations.eu\/sk\/wp-json\/wp\/v2\/types\/product"}],"replies":[{"embeddable":true,"href":"https:\/\/www.laser-creations.eu\/sk\/wp-json\/wp\/v2\/comments?post=2788"}],"wp:featuredmedia":[{"embeddable":true,"href":"https:\/\/www.laser-creations.eu\/sk\/wp-json\/wp\/v2\/media\/2790"}],"wp:attachment":[{"href":"https:\/\/www.laser-creations.eu\/sk\/wp-json\/wp\/v2\/media?parent=2788"}],"wp:term":[{"taxonomy":"product_brand","embeddable":true,"href":"https:\/\/www.laser-creations.eu\/sk\/wp-json\/wp\/v2\/product_brand?post=2788"},{"taxonomy":"product_cat","embeddable":true,"href":"https:\/\/www.laser-creations.eu\/sk\/wp-json\/wp\/v2\/product_cat?post=2788"},{"taxonomy":"product_tag","embeddable":true,"href":"https:\/\/www.laser-creations.eu\/sk\/wp-json\/wp\/v2\/product_tag?post=2788"}],"curies":[{"name":"wp","href":"https:\/\/api.w.org\/{rel}","templated":true}]}}