{"id":2769,"date":"2025-10-02T20:10:29","date_gmt":"2025-10-02T18:10:29","guid":{"rendered":"https:\/\/www.laser-creations.eu\/?post_type=product&#038;p=2769"},"modified":"2026-01-03T21:55:54","modified_gmt":"2026-01-03T20:55:54","slug":"scorpio-zodiac-necklace-turquoise","status":"publish","type":"product","link":"https:\/\/www.laser-creations.eu\/sk\/produkt\/scorpio-zodiac-necklace-turquoise\/","title":{"rendered":"N\u00e1hrdeln\u00edk zverokruh \u0160korpi\u00f3n - tyrkysov\u00fd"},"content":{"rendered":"<p>Symbol v\u00e1\u0161ne, sily a tajomstva. Pr\u00edvesok zverokruhu \u0160korpi\u00f3n je hlboko vyryt\u00fd do prvotriednej nehrdzavej\u00facej ocele, vyle\u0161ten\u00fd do dokonalosti a navrhnut\u00fd tak, aby vydr\u017eal cel\u00fd \u017eivot. Limitovan\u00e1 ed\u00edcia s certifik\u00e1tom pravosti.<\/p>\n<p>\u00dapln\u00fd opis:<\/p>\n<p>Narodili ste sa v znamen\u00ed \u0160korpi\u00f3na? Tento pr\u00edvesok vystihuje prav\u00fa podstatu v\u00e1\u0161ho zverokruhu - siln\u00fa, v\u00e1\u0161niv\u00fa a transformuj\u00facu.<\/p>\n<p>\u2728 Jedine\u010dn\u00fd dizajn: Hlbok\u00e9 3D grav\u00edrovanie symbolu \u0160korpi\u00f3na s kozmick\u00fdmi detailmi.<\/p>\n<p>\u2728 Pr\u00e9miov\u00fd materi\u00e1l: Chirurgick\u00e1 nehrdzavej\u00faca oce\u013e, hypoalerg\u00e9nna, odoln\u00e1 vo\u010di po\u0161kriabaniu.<\/p>\n<p>\u2728 Limitovan\u00e1 ed\u00edcia: Ka\u017ed\u00fd kus je individu\u00e1lne o\u010d\u00edslovan\u00fd a dod\u00e1va sa s holografick\u00fdm certifik\u00e1tom pravosti.<\/p>\n<p>\u2728 Ru\u010dne vyroben\u00e9: Prec\u00edzne navrhnut\u00e9 a vygrav\u00edrovan\u00e9, ru\u010dne le\u0161ten\u00e9 pre bezchybn\u00fd povrch.<\/p>\n<p>\u2728 Luxusn\u00e9 balenie: Dod\u00e1van\u00e9 v elegantnej \u010dierno-zlatej dar\u010dekovej \u0161katu\u013eke - pripraven\u00e9 na darovanie alebo ve\u010dn\u00e9 uchov\u00e1vanie.<\/p>\n<p>Pr\u00edvesok zverokruhu \u0160korpi\u00f3n je viac ne\u017e len \u0161perk - je to symbol v\u00e1\u0161ho vn\u00fatorn\u00e9ho oh\u0148a, odhodlania a tajomstva.<\/p>\n<p>Podrobnosti o produkte:<\/p>\n<p>Ve\u013ekos\u0165 pr\u00edvesku: priemer 25 mm<\/p>\n<p>Hr\u00fabka: 3 mm<\/p>\n<p>Materi\u00e1l: Nerezov\u00e1 oce\u013e (chirurgick\u00e1 trieda)<\/p>\n<p>D\u013a\u017eka re\u0165aze: 45-55 cm<\/p>\n<p>Dokon\u010denie: Hlbok\u00e9 grav\u00edrovanie, le\u0161ten\u00e9 vyv\u00fd\u0161en\u00e9 plochy<\/p>\n<p>Balenie: Luxusn\u00e1 dar\u010dekov\u00e1 krabi\u010dka + certifik\u00e1t pravosti<\/p>\n<p>Limitovan\u00fd po\u010det 100 kusov na celom svete<\/p>\n<p>Preprava:<\/p>\n<p>R\u00fdchle dodanie do E\u00da s Packeta.<\/p>","protected":false},"excerpt":{"rendered":"<p>Scorpio Zodiac Pendant \u2013 A powerful symbol of passion, strength, and transformation. Hand-engraved in premium stainless steel, polished to perfection, and limited to 100 pieces with certificate of authenticity.<\/p>","protected":false},"featured_media":2771,"comment_status":"open","ping_status":"closed","template":"","meta":{"jetpack_publicize_message":"","jetpack_publicize_feature_enabled":true,"jetpack_social_post_already_shared":true,"jetpack_social_options":{"image_generator_settings":{"template":"highway","default_image_id":0,"font":"","enabled":false},"version":2}},"product_brand":[41],"product_cat":[49,379],"product_tag":[298,158,328,302,296,275,220,101,299,301,327,326,325,150,306,63,304,152,156,303,297],"class_list":{"0":"post-2769","1":"product","2":"type-product","3":"status-publish","4":"has-post-thumbnail","6":"product_brand-laser-creations","7":"product_cat-engraved-necklaces","8":"product_cat-zodiac-sign-necklaces","9":"product_tag-astrologicky-privesok","10":"product_tag-astrology-necklace","11":"product_tag-darcek-pre-skorpiona","12":"product_tag-handmade-jewelry","13":"product_tag-horoscope-pendant","14":"product_tag-laser-creations","15":"product_tag-laser-engraved-pendant","16":"product_tag-luxury-gift","17":"product_tag-nahrdelnik-znamenie","18":"product_tag-nerezovy-privesok","19":"product_tag-privesok-skorpion","20":"product_tag-scorpio-necklace","21":"product_tag-scorpio-pendant","22":"product_tag-skorpion","23":"product_tag-sperk-z-chirurgickej-ocele","24":"product_tag-stainless-steel-jewelry","25":"product_tag-talizman","26":"product_tag-znamenie-skorpion","27":"product_tag-zodiac-jewelry","28":"product_tag-zodiac-sign-necklace","29":"product_tag-zverokruh","31":"first","32":"onbackorder","33":"taxable","34":"shipping-taxable","35":"purchasable","36":"product-type-variable"},"aioseo_notices":[],"jetpack_publicize_connections":[],"jetpack_sharing_enabled":true,"jetpack_likes_enabled":true,"_links":{"self":[{"href":"https:\/\/www.laser-creations.eu\/sk\/wp-json\/wp\/v2\/product\/2769","targetHints":{"allow":["GET"]}}],"collection":[{"href":"https:\/\/www.laser-creations.eu\/sk\/wp-json\/wp\/v2\/product"}],"about":[{"href":"https:\/\/www.laser-creations.eu\/sk\/wp-json\/wp\/v2\/types\/product"}],"replies":[{"embeddable":true,"href":"https:\/\/www.laser-creations.eu\/sk\/wp-json\/wp\/v2\/comments?post=2769"}],"wp:featuredmedia":[{"embeddable":true,"href":"https:\/\/www.laser-creations.eu\/sk\/wp-json\/wp\/v2\/media\/2771"}],"wp:attachment":[{"href":"https:\/\/www.laser-creations.eu\/sk\/wp-json\/wp\/v2\/media?parent=2769"}],"wp:term":[{"taxonomy":"product_brand","embeddable":true,"href":"https:\/\/www.laser-creations.eu\/sk\/wp-json\/wp\/v2\/product_brand?post=2769"},{"taxonomy":"product_cat","embeddable":true,"href":"https:\/\/www.laser-creations.eu\/sk\/wp-json\/wp\/v2\/product_cat?post=2769"},{"taxonomy":"product_tag","embeddable":true,"href":"https:\/\/www.laser-creations.eu\/sk\/wp-json\/wp\/v2\/product_tag?post=2769"}],"curies":[{"name":"wp","href":"https:\/\/api.w.org\/{rel}","templated":true}]}}