{"id":2381,"date":"2025-07-30T11:53:11","date_gmt":"2025-07-30T09:53:11","guid":{"rendered":"https:\/\/www.laser-creations.eu\/produkt\/personalized-heart-pendant-baby-name-birth-date\/"},"modified":"2026-01-03T21:39:07","modified_gmt":"2026-01-03T20:39:07","slug":"personalized-heart-pendant-baby-name-birth-date","status":"publish","type":"product","link":"https:\/\/www.laser-creations.eu\/sk\/produkt\/personalized-heart-pendant-baby-name-birth-date\/","title":{"rendered":"Personalizovan\u00fd pr\u00edvesok srdca - meno die\u0165a\u0165a ; d\u00e1tum narodenia"},"content":{"rendered":"<p>Osl\u00e1vte najvz\u00e1cnej\u0161\u00ed okamih svojho \u017eivota t\u00fdmto elegantn\u00fdm pr\u00edveskom s vygrav\u00edrovan\u00fdm srdcom na mieru. Tento pr\u00edvesok je vyroben\u00fd z vysokokvalitnej nehrdzavej\u00facej ocele a vyle\u0161ten\u00fd do zrkadlov\u00e9ho lesku:<\/p>\n<p>\ud83d\udd8b\ufe0f Meno v\u00e1\u0161ho die\u0165a\u0165a v kr\u00e1snom p\u00edsme<\/p>\n<p>\ud83d\udcc5 Ich d\u00e1tum narodenia<\/p>\n<p>\ud83e\udd1d Doj\u00edmav\u00e1 rytina detskej ruky dr\u017eiacej prst rodi\u010da<\/p>\n<p>Tento pr\u00edvesok, ktor\u00fd je dokonalou pamiatkou pre nov\u00fdch rodi\u010dov, symbolizuje ve\u010dn\u00e9 puto medzi vami a va\u0161\u00edm die\u0165a\u0165om. Ide\u00e1lny dar\u010dek pre mami\u010dky, oteckov alebo star\u00fdch rodi\u010dov.<\/p>\n<p>Podrobnosti o produkte:<\/p>\n<p>Materi\u00e1l: Nerezov\u00e1 oce\u013e (hypoalerg\u00e9nna, neleskn\u00faca sa)<\/p>\n<p>Grav\u00edrovanie: Hlbok\u00e9 \u010dierne laserov\u00e9 grav\u00edrovanie<\/p>\n<p>Ve\u013ekos\u0165 pr\u00edvesku: ~23 mm<\/p>\n<p>Vr\u00e1tane re\u0165aze<\/p>\n<p>Ru\u010dne dokon\u010den\u00e9 pre pr\u00e9miov\u00fa kvalitu<\/p>\n<p>\ud83d\udce6 Zabalen\u00e9 v dar\u010dekovej krabi\u010dke - pripraven\u00e9 na darovanie alebo opatrovanie.<\/p>","protected":false},"excerpt":{"rendered":"<p>Osl\u00e1vte najvz\u00e1cnej\u0161\u00ed okamih svojho \u017eivota t\u00fdmto elegantn\u00fdm pr\u00edveskom s vygrav\u00edrovan\u00fdm srdcom na mieru. Tento pr\u00edvesok je vyroben\u00fd z vysokokvalitnej nehrdzavej\u00facej ocele a vyle\u0161ten\u00fd do zrkadlov\u00e9ho lesku: V tomto pr\u00edvesku n\u00e1jdete: \ud83d\udd8b\ufe0f meno v\u00e1\u0161ho die\u0165a\u0165a v kr\u00e1snom p\u00edsme \ud83d\udcc5 jeho d\u00e1tum narodenia \ud83e\udd1d doj\u00edmav\u00fa rytinu detskej ru\u010di\u010dky dr\u017eiacej prst rodi\u010da Dokonal\u00fd suven\u00edr na pamiatku [...]<\/p>","protected":false},"featured_media":2374,"comment_status":"open","ping_status":"closed","template":"","meta":{"jetpack_publicize_message":"","jetpack_publicize_feature_enabled":true,"jetpack_social_post_already_shared":false,"jetpack_social_options":{"image_generator_settings":{"template":"highway","default_image_id":0,"font":"","enabled":false},"version":2}},"product_brand":[],"product_cat":[59],"product_tag":[111,124,103,121,102,66,108,110,98,86,65,112,67,68],"class_list":{"0":"post-2381","1":"product","2":"type-product","3":"status-publish","4":"has-post-thumbnail","6":"product_cat-custom-made","7":"product_tag-beautiful-jewelry","8":"product_tag-chirurgicka-ocel","9":"product_tag-chirurgische","10":"product_tag-darcek","11":"product_tag-edelstahl","12":"product_tag-engraved-pendant","13":"product_tag-expensive","14":"product_tag-geschenk","15":"product_tag-gift","16":"product_tag-handmade-in-slovakia","17":"product_tag-handmade-necklace","18":"product_tag-liebe","19":"product_tag-mens-pendant","20":"product_tag-womens-pendant","22":"first","23":"instock","24":"sold-individually","25":"taxable","26":"shipping-taxable","27":"purchasable","28":"product-type-simple"},"aioseo_notices":[],"jetpack_publicize_connections":[],"jetpack_sharing_enabled":true,"jetpack_likes_enabled":true,"_links":{"self":[{"href":"https:\/\/www.laser-creations.eu\/sk\/wp-json\/wp\/v2\/product\/2381","targetHints":{"allow":["GET"]}}],"collection":[{"href":"https:\/\/www.laser-creations.eu\/sk\/wp-json\/wp\/v2\/product"}],"about":[{"href":"https:\/\/www.laser-creations.eu\/sk\/wp-json\/wp\/v2\/types\/product"}],"replies":[{"embeddable":true,"href":"https:\/\/www.laser-creations.eu\/sk\/wp-json\/wp\/v2\/comments?post=2381"}],"wp:featuredmedia":[{"embeddable":true,"href":"https:\/\/www.laser-creations.eu\/sk\/wp-json\/wp\/v2\/media\/2374"}],"wp:attachment":[{"href":"https:\/\/www.laser-creations.eu\/sk\/wp-json\/wp\/v2\/media?parent=2381"}],"wp:term":[{"taxonomy":"product_brand","embeddable":true,"href":"https:\/\/www.laser-creations.eu\/sk\/wp-json\/wp\/v2\/product_brand?post=2381"},{"taxonomy":"product_cat","embeddable":true,"href":"https:\/\/www.laser-creations.eu\/sk\/wp-json\/wp\/v2\/product_cat?post=2381"},{"taxonomy":"product_tag","embeddable":true,"href":"https:\/\/www.laser-creations.eu\/sk\/wp-json\/wp\/v2\/product_tag?post=2381"}],"curies":[{"name":"wp","href":"https:\/\/api.w.org\/{rel}","templated":true}]}}