{"id":2936,"date":"2025-10-10T16:33:45","date_gmt":"2025-10-10T14:33:45","guid":{"rendered":"https:\/\/www.laser-creations.eu\/?post_type=product&#038;p=2936"},"modified":"2026-01-03T22:15:17","modified_gmt":"2026-01-03T21:15:17","slug":"horehronie-enamel-pendant-engraved-necklace-floral-folk-art-jewelry-folklore-collection-design-handmade-slovakia","status":"publish","type":"product","link":"https:\/\/www.laser-creations.eu\/it\/produkt\/horehronie-enamel-pendant-engraved-necklace-floral-folk-art-jewelry-folklore-collection-design-handmade-slovakia\/","title":{"rendered":"Collana di tulipani Horehronsk\u00fd"},"content":{"rendered":"<p>Horehronsk\u00fd tulip\u00e1n \ud83c\udf37 - un simbolo slovacco senza tempo di vita, bellezza e rinnovamento.<\/p>\n<p>Questo elegante ciondolo si ispira ai motivi floreali tradizionali della regione di Horehronie, dove il tulipano rappresenta da sempre l'energia femminile, la crescita e l'armonia.<\/p>\n<p>Ogni ciondolo \u00e8 realizzato a mano in acciaio inossidabile 316L, inciso a laser e lucidato a mano con finitura a specchio.<\/p>\n<p>Le aree colorate sono profondamente incise e riempite di smalto, mentre le altre parti rimangono in rilievo e lucidate, creando un contrasto raffinato ed equilibrato.<\/p>\n<p>Un'interpretazione moderna di un ornamento popolare secolare: minimalista, elegante e ricco di significato.<\/p>\n<p>\u2728 Dettagli:<br \/>\nMateriale: Acciaio inossidabile chirurgico 316L (ipoallergenico, resistente all'acqua)<br \/>\nDiametro: 25 mm<br \/>\nSpessore: 3 mm<br \/>\nIncisione laser profonda (fino a 0,7 mm di profondit\u00e0)<br \/>\nFinitura lucidata a mano<br \/>\nCatena in acciaio inox opzionale inclusa<br \/>\nViene fornito in una lussuosa confezione regalo con certificato e ologramma<\/p>\n<p>Fatto a mano in Slovacchia \ud83c\uddf8\ud83c\uddf0<\/p>\n<p>\ud83c\udf81 Perfetto per:<br \/>\nChi ama i fiori, il simbolismo femminile, la cultura popolare e i gioielli fatti a mano ricchi di significato.<\/p>\n<p>\ud83d\udcac La storia del design:<br \/>\nFa parte della collezione \"Slovensk\u00fd folkl\u00f3r\" di Laser Creations - ispirata ai motivi regionali slovacchi, dove ogni pezzo unisce l'artigianato moderno all'anima del patrimonio popolare.<\/p>","protected":false},"excerpt":{"rendered":"<p>Un fiore di vita, bellezza e rinnovamento.<br \/>\nIspirato all'arte popolare della regione di Horehronie, inciso in profondit\u00e0 e riempito di smalto per un contrasto perfetto.<br \/>\nUn'elegante miscela di femminilit\u00e0, tradizione e stile moderno.<\/p>","protected":false},"featured_media":2938,"comment_status":"open","ping_status":"closed","template":"","meta":{"jetpack_publicize_message":"","jetpack_publicize_feature_enabled":true,"jetpack_social_post_already_shared":true,"jetpack_social_options":{"image_generator_settings":{"template":"highway","default_image_id":0,"font":"","enabled":false},"version":2}},"product_brand":[41],"product_cat":[49,381],"product_tag":[271,267,276,266,274,270,268,275,253,273,272,265,166,269],"class_list":{"0":"post-2936","1":"product","2":"type-product","3":"status-publish","4":"has-post-thumbnail","6":"product_brand-laser-creations","7":"product_cat-engraved-necklaces","8":"product_cat-symbolic_amulets_and_talismans","9":"product_tag-enamel-pendant","10":"product_tag-engraved-necklace","11":"product_tag-floral-pendant","12":"product_tag-folk-art-jewelry","13":"product_tag-folklore-collection","14":"product_tag-folklore-design","15":"product_tag-handmade-slovakia","16":"product_tag-laser-creations","17":"product_tag-laser-engraved","18":"product_tag-rosette-pendant","19":"product_tag-slovak-heritage","20":"product_tag-slovak-pendant","21":"product_tag-stainless-steel-pendant","22":"product_tag-sun-symbol","24":"first","25":"onbackorder","26":"featured","27":"taxable","28":"shipping-taxable","29":"purchasable","30":"product-type-variable"},"aioseo_notices":[],"jetpack_publicize_connections":[],"jetpack_sharing_enabled":true,"jetpack_likes_enabled":true,"_links":{"self":[{"href":"https:\/\/www.laser-creations.eu\/it\/wp-json\/wp\/v2\/product\/2936","targetHints":{"allow":["GET"]}}],"collection":[{"href":"https:\/\/www.laser-creations.eu\/it\/wp-json\/wp\/v2\/product"}],"about":[{"href":"https:\/\/www.laser-creations.eu\/it\/wp-json\/wp\/v2\/types\/product"}],"replies":[{"embeddable":true,"href":"https:\/\/www.laser-creations.eu\/it\/wp-json\/wp\/v2\/comments?post=2936"}],"wp:featuredmedia":[{"embeddable":true,"href":"https:\/\/www.laser-creations.eu\/it\/wp-json\/wp\/v2\/media\/2938"}],"wp:attachment":[{"href":"https:\/\/www.laser-creations.eu\/it\/wp-json\/wp\/v2\/media?parent=2936"}],"wp:term":[{"taxonomy":"product_brand","embeddable":true,"href":"https:\/\/www.laser-creations.eu\/it\/wp-json\/wp\/v2\/product_brand?post=2936"},{"taxonomy":"product_cat","embeddable":true,"href":"https:\/\/www.laser-creations.eu\/it\/wp-json\/wp\/v2\/product_cat?post=2936"},{"taxonomy":"product_tag","embeddable":true,"href":"https:\/\/www.laser-creations.eu\/it\/wp-json\/wp\/v2\/product_tag?post=2936"}],"curies":[{"name":"wp","href":"https:\/\/api.w.org\/{rel}","templated":true}]}}